{"id":9098,"date":"2021-07-20T15:37:24","date_gmt":"2021-07-20T15:37:24","guid":{"rendered":"https:\/\/back.mascotarea.com\/producto\/deslanadores-t-m-16-cm\/"},"modified":"2024-07-16T11:27:29","modified_gmt":"2024-07-16T11:27:29","slug":"deslanadores-t-m-16-cm","status":"publish","type":"product","link":"https:\/\/back.mascotarea.com\/?product=deslanadores-t-m-16-cm","title":{"rendered":"Deslanadores  T.M: 16 Cm"},"content":{"rendered":"","protected":false},"excerpt":{"rendered":"<p>El deslanador permite retirar el pelo muerto sin da\u00f1ar la piel.<\/p>\n<p>Elimina el subpelo mascotas de pelo semilargo y pelo corto.<\/p>\n<p>Es muy f\u00e1cil de usar, peina a tu perro con movimientos cortos. Te sorprender\u00e1 la gran cantidad de pelo que retira.<\/p>\n<p>Es perfecto para \u00e9pocas de muda y para la prevenci\u00f3n de las bolas de pelo en gatos. Si usas el deslanador con regularidad encontraras menos pelo por casa.<\/p>\n","protected":false},"featured_media":9097,"comment_status":"open","ping_status":"closed","template":"","meta":{"_uag_custom_page_level_css":"","_themeisle_gutenberg_block_has_review":false},"product_cat":[180],"product_tag":[],"class_list":{"0":"post-9098","1":"product","2":"type-product","3":"status-publish","4":"has-post-thumbnail","6":"product_cat-accesorios-de-peluqueria-para-perros","8":"first","9":"instock","10":"taxable","11":"shipping-taxable","12":"purchasable","13":"product-type-simple","14":"customify-col"},"uagb_featured_image_src":{"full":["https:\/\/back.mascotarea.com\/wp-content\/uploads\/2021\/07\/deslanadores-t-m-16-cm_968327277.jpg",800,1000,false],"thumbnail":["https:\/\/back.mascotarea.com\/wp-content\/uploads\/2021\/07\/deslanadores-t-m-16-cm_968327277-150x150.jpg",150,150,true],"medium":["https:\/\/back.mascotarea.com\/wp-content\/uploads\/2021\/07\/deslanadores-t-m-16-cm_968327277-240x300.jpg",240,300,true],"medium_large":["https:\/\/back.mascotarea.com\/wp-content\/uploads\/2021\/07\/deslanadores-t-m-16-cm_968327277-768x960.jpg",768,960,true],"large":["https:\/\/back.mascotarea.com\/wp-content\/uploads\/2021\/07\/deslanadores-t-m-16-cm_968327277.jpg",800,1000,false],"1536x1536":["https:\/\/back.mascotarea.com\/wp-content\/uploads\/2021\/07\/deslanadores-t-m-16-cm_968327277.jpg",800,1000,false],"2048x2048":["https:\/\/back.mascotarea.com\/wp-content\/uploads\/2021\/07\/deslanadores-t-m-16-cm_968327277.jpg",800,1000,false],"woocommerce_thumbnail":["https:\/\/back.mascotarea.com\/wp-content\/uploads\/2021\/07\/deslanadores-t-m-16-cm_968327277-200x200.jpg",200,200,true],"woocommerce_single":["https:\/\/back.mascotarea.com\/wp-content\/uploads\/2021\/07\/deslanadores-t-m-16-cm_968327277-200x250.jpg",200,250,true],"woocommerce_gallery_thumbnail":["https:\/\/back.mascotarea.com\/wp-content\/uploads\/2021\/07\/deslanadores-t-m-16-cm_968327277-100x100.jpg",100,100,true],"dgwt-wcas-product-suggestion":["https:\/\/back.mascotarea.com\/wp-content\/uploads\/2021\/07\/deslanadores-t-m-16-cm_968327277-64x80.jpg",64,80,true]},"uagb_author_info":{"display_name":"Roberto","author_link":"https:\/\/back.mascotarea.com\/?author=0"},"uagb_comment_info":0,"uagb_excerpt":"El deslanador permite retirar el pelo muerto sin da\u00f1ar la piel.Elimina el subpelo mascotas de pelo semilargo y pelo corto.Es muy f\u00e1cil de usar, peina a tu perro con movimientos cortos. Te sorprender\u00e1 la gran cantidad de pelo que retira.Es perfecto para \u00e9pocas de muda y para la prevenci\u00f3n de las bolas de pelo en&hellip;","_links":{"self":[{"href":"https:\/\/back.mascotarea.com\/index.php?rest_route=\/wp\/v2\/product\/9098","targetHints":{"allow":["GET"]}}],"collection":[{"href":"https:\/\/back.mascotarea.com\/index.php?rest_route=\/wp\/v2\/product"}],"about":[{"href":"https:\/\/back.mascotarea.com\/index.php?rest_route=\/wp\/v2\/types\/product"}],"replies":[{"embeddable":true,"href":"https:\/\/back.mascotarea.com\/index.php?rest_route=%2Fwp%2Fv2%2Fcomments&post=9098"}],"wp:featuredmedia":[{"embeddable":true,"href":"https:\/\/back.mascotarea.com\/index.php?rest_route=\/wp\/v2\/media\/9097"}],"wp:attachment":[{"href":"https:\/\/back.mascotarea.com\/index.php?rest_route=%2Fwp%2Fv2%2Fmedia&parent=9098"}],"wp:term":[{"taxonomy":"product_cat","embeddable":true,"href":"https:\/\/back.mascotarea.com\/index.php?rest_route=%2Fwp%2Fv2%2Fproduct_cat&post=9098"},{"taxonomy":"product_tag","embeddable":true,"href":"https:\/\/back.mascotarea.com\/index.php?rest_route=%2Fwp%2Fv2%2Fproduct_tag&post=9098"}],"curies":[{"name":"wp","href":"https:\/\/api.w.org\/{rel}","templated":true}]}}