{"id":9150,"date":"2021-07-21T14:16:46","date_gmt":"2021-07-21T14:16:46","guid":{"rendered":"https:\/\/back.mascotarea.com\/producto\/carda-blanda-mango-plastico-doble-cara-10x17-cm\/"},"modified":"2024-01-30T12:21:52","modified_gmt":"2024-01-30T12:21:52","slug":"carda-blanda-mango-plastico-doble-cara-10x17-cm","status":"publish","type":"product","link":"https:\/\/back.mascotarea.com\/?product=carda-blanda-mango-plastico-doble-cara-10x17-cm","title":{"rendered":"Carda Blanda, Mango Pl\u00e1stico, Doble Cara, 10&#215;17 Cm"},"content":{"rendered":"","protected":false},"excerpt":{"rendered":"<p>    Act\u00faa sobre el manto y el subpelo<\/p>\n<p>    cerdas de nylon extra blandas y cerdas met\u00e1licas con puntas protectoras<\/p>\n<p>    con asa de caucho<\/p>\n<p>    pl\u00e1stico<\/p>\n<p><\/p>\n","protected":false},"featured_media":9149,"comment_status":"open","ping_status":"closed","template":"","meta":{"_uag_custom_page_level_css":"","_themeisle_gutenberg_block_has_review":false},"product_cat":[180],"product_tag":[],"class_list":{"0":"post-9150","1":"product","2":"type-product","3":"status-publish","4":"has-post-thumbnail","6":"product_cat-accesorios-de-peluqueria-para-perros","8":"first","9":"instock","10":"taxable","11":"shipping-taxable","12":"purchasable","13":"product-type-simple","14":"customify-col"},"uagb_featured_image_src":{"full":["https:\/\/back.mascotarea.com\/wp-content\/uploads\/2021\/07\/carda-blanda-mango-plastico-doble-cara-10x17-cm_570043271.jpg",800,1000,false],"thumbnail":["https:\/\/back.mascotarea.com\/wp-content\/uploads\/2021\/07\/carda-blanda-mango-plastico-doble-cara-10x17-cm_570043271-150x150.jpg",150,150,true],"medium":["https:\/\/back.mascotarea.com\/wp-content\/uploads\/2021\/07\/carda-blanda-mango-plastico-doble-cara-10x17-cm_570043271-240x300.jpg",240,300,true],"medium_large":["https:\/\/back.mascotarea.com\/wp-content\/uploads\/2021\/07\/carda-blanda-mango-plastico-doble-cara-10x17-cm_570043271-768x960.jpg",768,960,true],"large":["https:\/\/back.mascotarea.com\/wp-content\/uploads\/2021\/07\/carda-blanda-mango-plastico-doble-cara-10x17-cm_570043271.jpg",800,1000,false],"1536x1536":["https:\/\/back.mascotarea.com\/wp-content\/uploads\/2021\/07\/carda-blanda-mango-plastico-doble-cara-10x17-cm_570043271.jpg",800,1000,false],"2048x2048":["https:\/\/back.mascotarea.com\/wp-content\/uploads\/2021\/07\/carda-blanda-mango-plastico-doble-cara-10x17-cm_570043271.jpg",800,1000,false],"woocommerce_thumbnail":["https:\/\/back.mascotarea.com\/wp-content\/uploads\/2021\/07\/carda-blanda-mango-plastico-doble-cara-10x17-cm_570043271-200x200.jpg",200,200,true],"woocommerce_single":["https:\/\/back.mascotarea.com\/wp-content\/uploads\/2021\/07\/carda-blanda-mango-plastico-doble-cara-10x17-cm_570043271-200x250.jpg",200,250,true],"woocommerce_gallery_thumbnail":["https:\/\/back.mascotarea.com\/wp-content\/uploads\/2021\/07\/carda-blanda-mango-plastico-doble-cara-10x17-cm_570043271-100x100.jpg",100,100,true],"dgwt-wcas-product-suggestion":["https:\/\/back.mascotarea.com\/wp-content\/uploads\/2021\/07\/carda-blanda-mango-plastico-doble-cara-10x17-cm_570043271-64x80.jpg",64,80,true]},"uagb_author_info":{"display_name":"Roberto","author_link":"https:\/\/back.mascotarea.com\/?author=0"},"uagb_comment_info":0,"uagb_excerpt":"Act\u00faa sobre el manto y el subpelo cerdas de nylon extra blandas y cerdas met\u00e1licas con puntas protectoras con asa de caucho pl\u00e1stico","_links":{"self":[{"href":"https:\/\/back.mascotarea.com\/index.php?rest_route=\/wp\/v2\/product\/9150","targetHints":{"allow":["GET"]}}],"collection":[{"href":"https:\/\/back.mascotarea.com\/index.php?rest_route=\/wp\/v2\/product"}],"about":[{"href":"https:\/\/back.mascotarea.com\/index.php?rest_route=\/wp\/v2\/types\/product"}],"replies":[{"embeddable":true,"href":"https:\/\/back.mascotarea.com\/index.php?rest_route=%2Fwp%2Fv2%2Fcomments&post=9150"}],"wp:featuredmedia":[{"embeddable":true,"href":"https:\/\/back.mascotarea.com\/index.php?rest_route=\/wp\/v2\/media\/9149"}],"wp:attachment":[{"href":"https:\/\/back.mascotarea.com\/index.php?rest_route=%2Fwp%2Fv2%2Fmedia&parent=9150"}],"wp:term":[{"taxonomy":"product_cat","embeddable":true,"href":"https:\/\/back.mascotarea.com\/index.php?rest_route=%2Fwp%2Fv2%2Fproduct_cat&post=9150"},{"taxonomy":"product_tag","embeddable":true,"href":"https:\/\/back.mascotarea.com\/index.php?rest_route=%2Fwp%2Fv2%2Fproduct_tag&post=9150"}],"curies":[{"name":"wp","href":"https:\/\/api.w.org\/{rel}","templated":true}]}}