{"id":9194,"date":"2021-07-23T15:19:23","date_gmt":"2021-07-23T15:19:23","guid":{"rendered":"https:\/\/back.mascotarea.com\/producto\/vitakraft-clean-papel-10-l\/"},"modified":"2024-07-22T11:27:47","modified_gmt":"2024-07-22T11:27:47","slug":"vitakraft-clean-papel-10-l","status":"publish","type":"product","link":"https:\/\/back.mascotarea.com\/?product=vitakraft-clean-papel-10-l","title":{"rendered":"Vitakraft Clean Papel 10 L"},"content":{"rendered":"","protected":false},"excerpt":{"rendered":"<p>Un lecho vegetal de papel  reciclado prensado en forma de pellet valido para  roedores, hurones, gatos, p\u00e1jaros, peque\u00f1os mam\u00edferos y reptiles.    <\/p>\n<p>VEGETAL CLEAN Papel es muy absorbente y neutraliza los olores  hecho a base de productos naturales sin aditivos qu\u00edmicos. Es 100% biodegradable y no produce polvo.<\/p>\n<p>Su tama\u00f1o es peque\u00f1o y ligero, por lo que el lecho se compacta y simula el lecho natural del animal     Producto Ecol\u00f3gico y respetuoso con el medio ambiente     se puede usar como compostage y\/o desecharlo por el W.C.<\/p>\n","protected":false},"featured_media":9193,"comment_status":"open","ping_status":"closed","template":"","meta":{"_uag_custom_page_level_css":"","_themeisle_gutenberg_block_has_review":false},"product_cat":[218,217],"product_tag":[],"class_list":{"0":"post-9194","1":"product","2":"type-product","3":"status-publish","4":"has-post-thumbnail","6":"product_cat-accesorios-roedores","7":"product_cat-roedores","9":"first","10":"instock","11":"taxable","12":"shipping-taxable","13":"purchasable","14":"product-type-simple","15":"customify-col"},"uagb_featured_image_src":{"full":["https:\/\/back.mascotarea.com\/wp-content\/uploads\/2021\/07\/vitakraft-clean-papel-10-l_2373172172.jpg",800,1000,false],"thumbnail":["https:\/\/back.mascotarea.com\/wp-content\/uploads\/2021\/07\/vitakraft-clean-papel-10-l_2373172172-150x150.jpg",150,150,true],"medium":["https:\/\/back.mascotarea.com\/wp-content\/uploads\/2021\/07\/vitakraft-clean-papel-10-l_2373172172-240x300.jpg",240,300,true],"medium_large":["https:\/\/back.mascotarea.com\/wp-content\/uploads\/2021\/07\/vitakraft-clean-papel-10-l_2373172172-768x960.jpg",768,960,true],"large":["https:\/\/back.mascotarea.com\/wp-content\/uploads\/2021\/07\/vitakraft-clean-papel-10-l_2373172172.jpg",800,1000,false],"1536x1536":["https:\/\/back.mascotarea.com\/wp-content\/uploads\/2021\/07\/vitakraft-clean-papel-10-l_2373172172.jpg",800,1000,false],"2048x2048":["https:\/\/back.mascotarea.com\/wp-content\/uploads\/2021\/07\/vitakraft-clean-papel-10-l_2373172172.jpg",800,1000,false],"woocommerce_thumbnail":["https:\/\/back.mascotarea.com\/wp-content\/uploads\/2021\/07\/vitakraft-clean-papel-10-l_2373172172-200x200.jpg",200,200,true],"woocommerce_single":["https:\/\/back.mascotarea.com\/wp-content\/uploads\/2021\/07\/vitakraft-clean-papel-10-l_2373172172-200x250.jpg",200,250,true],"woocommerce_gallery_thumbnail":["https:\/\/back.mascotarea.com\/wp-content\/uploads\/2021\/07\/vitakraft-clean-papel-10-l_2373172172-100x100.jpg",100,100,true],"dgwt-wcas-product-suggestion":["https:\/\/back.mascotarea.com\/wp-content\/uploads\/2021\/07\/vitakraft-clean-papel-10-l_2373172172-64x80.jpg",64,80,true]},"uagb_author_info":{"display_name":"Roberto","author_link":"https:\/\/back.mascotarea.com\/?author=0"},"uagb_comment_info":0,"uagb_excerpt":"Un lecho vegetal de papel reciclado prensado en forma de pellet valido para roedores, hurones, gatos, p\u00e1jaros, peque\u00f1os mam\u00edferos y reptiles. VEGETAL CLEAN Papel es muy absorbente y neutraliza los olores hecho a base de productos naturales sin aditivos qu\u00edmicos. Es 100% biodegradable y no produce polvo.Su tama\u00f1o es peque\u00f1o y ligero, por lo que&hellip;","_links":{"self":[{"href":"https:\/\/back.mascotarea.com\/index.php?rest_route=\/wp\/v2\/product\/9194","targetHints":{"allow":["GET"]}}],"collection":[{"href":"https:\/\/back.mascotarea.com\/index.php?rest_route=\/wp\/v2\/product"}],"about":[{"href":"https:\/\/back.mascotarea.com\/index.php?rest_route=\/wp\/v2\/types\/product"}],"replies":[{"embeddable":true,"href":"https:\/\/back.mascotarea.com\/index.php?rest_route=%2Fwp%2Fv2%2Fcomments&post=9194"}],"wp:featuredmedia":[{"embeddable":true,"href":"https:\/\/back.mascotarea.com\/index.php?rest_route=\/wp\/v2\/media\/9193"}],"wp:attachment":[{"href":"https:\/\/back.mascotarea.com\/index.php?rest_route=%2Fwp%2Fv2%2Fmedia&parent=9194"}],"wp:term":[{"taxonomy":"product_cat","embeddable":true,"href":"https:\/\/back.mascotarea.com\/index.php?rest_route=%2Fwp%2Fv2%2Fproduct_cat&post=9194"},{"taxonomy":"product_tag","embeddable":true,"href":"https:\/\/back.mascotarea.com\/index.php?rest_route=%2Fwp%2Fv2%2Fproduct_tag&post=9194"}],"curies":[{"name":"wp","href":"https:\/\/api.w.org\/{rel}","templated":true}]}}