{"id":9234,"date":"2021-07-23T15:20:00","date_gmt":"2021-07-23T15:20:00","guid":{"rendered":"https:\/\/back.mascotarea.com\/producto\/vitakraft-menu-vital-conejos-1kg\/"},"modified":"2023-09-29T12:15:11","modified_gmt":"2023-09-29T12:15:11","slug":"vitakraft-menu-vital-conejos-1kg","status":"publish","type":"product","link":"https:\/\/back.mascotarea.com\/?product=vitakraft-menu-vital-conejos-1kg","title":{"rendered":"Vitakraft Menu Vital Conejos 1kg"},"content":{"rendered":"<p>Ingredientes:<\/p>\n<p><\/p>\n<p>    -Subproductos vegetales<\/p>\n<p>    &#8211; Granos 39,1%<\/p>\n<p>    &#8211; Verduras 3,1%<\/p>\n<p>    &#8211; Minerales<\/p>\n<p>    &#8211; Aceites y grasas<\/p>\n<p>    &#8211; Cultivos de 0,11%<\/p>\n<p>    &#8211; Extracto de Yucca Shidigera<\/p>\n<p>    &#8211; Fibra 13%<\/p>\n<p><\/p>\n<p> Aditivos nutricionales (Aditivos nutricionales\/ Kg):<\/p>\n<p><\/p>\n<p>    &#8211; Vitamina A (E672) 6731 UI<\/p>\n<p>    &#8211; Vitamina D3 (E671) 765 UI<\/p>\n<p>    &#8211; Selenio (E8) 0163 mg<\/p>\n<p>    &#8211; Hierro (E1) 106,32 mg<\/p>\n<p>    &#8211; Yodo (E2) 0,08 mg<\/p>\n<p>    &#8211; Cobre (E4) 6:59 mg<\/p>\n<p>    &#8211; Manganeso (E5) 16,98 mg<\/p>\n<p>    &#8211; Zinc (E6) 23:58 mg<\/p>\n<p>    &#8211; Cobalto (E3) 0,07 mg<\/p>\n<p><\/p>\n","protected":false},"excerpt":{"rendered":"<p>Vitakraft Men\u00fa Vital es la base perfecta para una dieta completa y saludable de los conejos enanos adultos. Est\u00e1 preparada con una receta sin az\u00facar, con semillas sabrosas, deliciosos cereales y vegetales. Est\u00e1 espec\u00edficamente orientado a las necesidades de los animales y contiene un complejo vital, que proporciona a los animales un aumento extra de vitalidad. El alto contenido en fibra cruda tambi\u00e9n aumenta el tiempo de masticaci\u00f3n y ayuda a tu conejo en la abrasi\u00f3n de sus dientes de roedor.<\/p>\n<\/p>\n<p><\/p>\n<\/p>\n<p><\/p>\n<p>Caracteristicas:<\/p>\n<p><\/p>\n<p>    Con Complejo Vital: Vitaminas y minerales esenciales impidiendo los s\u00edntomas de deficiencia y proporcionando un impulso extra de vitalidad<\/p>\n<p>    Complejo anti-olor: Una combinaci\u00f3n especial de ingredientes activos que reduce los olores desagradables en el hogar del conejo significativamente.<\/p>\n<p>    -Para todos los conejos dom\u00e9sticos<\/p>\n<p>    -Mezcla con semillas seleccionadas y cereales extrusionados.<\/p>\n<p>    -Contiene vitaminas, minerales y fibra<\/p>\n<p>    -Libre de sabores artificiales<\/p>\n<p>    -Sin conservantes artificiales<\/p>\n<p>    -Su aroma se mantiene fresco gracias a la bolsa con autocierre<\/p>\n<p><\/p>\n","protected":false},"featured_media":9233,"comment_status":"open","ping_status":"closed","template":"","meta":{"_uag_custom_page_level_css":"","_themeisle_gutenberg_block_has_review":false},"product_cat":[220,217],"product_tag":[],"class_list":{"0":"post-9234","1":"product","2":"type-product","3":"status-publish","4":"has-post-thumbnail","6":"product_cat-alimentacion-conejo","7":"product_cat-roedores","9":"first","10":"outofstock","11":"taxable","12":"shipping-taxable","13":"purchasable","14":"product-type-simple","15":"customify-col"},"uagb_featured_image_src":{"full":["https:\/\/back.mascotarea.com\/wp-content\/uploads\/2021\/07\/vitakraft-menu-vital-conejos-1kg_774409105.jpg",800,1000,false],"thumbnail":["https:\/\/back.mascotarea.com\/wp-content\/uploads\/2021\/07\/vitakraft-menu-vital-conejos-1kg_774409105-150x150.jpg",150,150,true],"medium":["https:\/\/back.mascotarea.com\/wp-content\/uploads\/2021\/07\/vitakraft-menu-vital-conejos-1kg_774409105-240x300.jpg",240,300,true],"medium_large":["https:\/\/back.mascotarea.com\/wp-content\/uploads\/2021\/07\/vitakraft-menu-vital-conejos-1kg_774409105-768x960.jpg",768,960,true],"large":["https:\/\/back.mascotarea.com\/wp-content\/uploads\/2021\/07\/vitakraft-menu-vital-conejos-1kg_774409105.jpg",800,1000,false],"1536x1536":["https:\/\/back.mascotarea.com\/wp-content\/uploads\/2021\/07\/vitakraft-menu-vital-conejos-1kg_774409105.jpg",800,1000,false],"2048x2048":["https:\/\/back.mascotarea.com\/wp-content\/uploads\/2021\/07\/vitakraft-menu-vital-conejos-1kg_774409105.jpg",800,1000,false],"woocommerce_thumbnail":["https:\/\/back.mascotarea.com\/wp-content\/uploads\/2021\/07\/vitakraft-menu-vital-conejos-1kg_774409105-200x200.jpg",200,200,true],"woocommerce_single":["https:\/\/back.mascotarea.com\/wp-content\/uploads\/2021\/07\/vitakraft-menu-vital-conejos-1kg_774409105-200x250.jpg",200,250,true],"woocommerce_gallery_thumbnail":["https:\/\/back.mascotarea.com\/wp-content\/uploads\/2021\/07\/vitakraft-menu-vital-conejos-1kg_774409105-100x100.jpg",100,100,true],"dgwt-wcas-product-suggestion":["https:\/\/back.mascotarea.com\/wp-content\/uploads\/2021\/07\/vitakraft-menu-vital-conejos-1kg_774409105-64x80.jpg",64,80,true]},"uagb_author_info":{"display_name":"Roberto","author_link":"https:\/\/back.mascotarea.com\/?author=0"},"uagb_comment_info":0,"uagb_excerpt":"Vitakraft Men\u00fa Vital es la base perfecta para una dieta completa y saludable de los conejos enanos adultos. Est\u00e1 preparada con una receta sin az\u00facar, con semillas sabrosas, deliciosos cereales y vegetales. Est\u00e1 espec\u00edficamente orientado a las necesidades de los animales y contiene un complejo vital, que proporciona a los animales un aumento extra de&hellip;","_links":{"self":[{"href":"https:\/\/back.mascotarea.com\/index.php?rest_route=\/wp\/v2\/product\/9234","targetHints":{"allow":["GET"]}}],"collection":[{"href":"https:\/\/back.mascotarea.com\/index.php?rest_route=\/wp\/v2\/product"}],"about":[{"href":"https:\/\/back.mascotarea.com\/index.php?rest_route=\/wp\/v2\/types\/product"}],"replies":[{"embeddable":true,"href":"https:\/\/back.mascotarea.com\/index.php?rest_route=%2Fwp%2Fv2%2Fcomments&post=9234"}],"wp:featuredmedia":[{"embeddable":true,"href":"https:\/\/back.mascotarea.com\/index.php?rest_route=\/wp\/v2\/media\/9233"}],"wp:attachment":[{"href":"https:\/\/back.mascotarea.com\/index.php?rest_route=%2Fwp%2Fv2%2Fmedia&parent=9234"}],"wp:term":[{"taxonomy":"product_cat","embeddable":true,"href":"https:\/\/back.mascotarea.com\/index.php?rest_route=%2Fwp%2Fv2%2Fproduct_cat&post=9234"},{"taxonomy":"product_tag","embeddable":true,"href":"https:\/\/back.mascotarea.com\/index.php?rest_route=%2Fwp%2Fv2%2Fproduct_tag&post=9234"}],"curies":[{"name":"wp","href":"https:\/\/api.w.org\/{rel}","templated":true}]}}