{"id":9238,"date":"2021-07-23T15:20:04","date_gmt":"2021-07-23T15:20:04","guid":{"rendered":"https:\/\/back.mascotarea.com\/producto\/vitakraft-barritas-conejos-enanos-miel-2-unidades\/"},"modified":"2023-09-20T12:14:42","modified_gmt":"2023-09-20T12:14:42","slug":"vitakraft-barritas-conejos-enanos-miel-2-unidades","status":"publish","type":"product","link":"https:\/\/back.mascotarea.com\/?product=vitakraft-barritas-conejos-enanos-miel-2-unidades","title":{"rendered":"Vitakraft Barritas Conejos  Miel 2 Unidades"},"content":{"rendered":"","protected":false},"excerpt":{"rendered":"<p>Una alimentaci\u00f3n completa gracias a la alta calidad de sus ingredientes, sin az\u00facar y espec\u00edficamente elaborado para conejos enanos. Contribuyen a reforzar la salud de tu mascota gracias e incluso es horneado tres veces para garantizar su durabilidad y calidad. Contribuye al desgaste de sus incisivos con un sabor irresistible gracias a la miel y a la espelta. <\/p>\n","protected":false},"featured_media":9237,"comment_status":"open","ping_status":"closed","template":"","meta":{"_uag_custom_page_level_css":"","_themeisle_gutenberg_block_has_review":false},"product_cat":[220,217],"product_tag":[],"class_list":{"0":"post-9238","1":"product","2":"type-product","3":"status-publish","4":"has-post-thumbnail","6":"product_cat-alimentacion-conejo","7":"product_cat-roedores","9":"first","10":"outofstock","11":"taxable","12":"shipping-taxable","13":"purchasable","14":"product-type-simple","15":"customify-col"},"uagb_featured_image_src":{"full":["https:\/\/back.mascotarea.com\/wp-content\/uploads\/2021\/07\/vitakraft-barritas-conejos-enanos-miel-2-unidades_3377040392.jpg",800,1000,false],"thumbnail":["https:\/\/back.mascotarea.com\/wp-content\/uploads\/2021\/07\/vitakraft-barritas-conejos-enanos-miel-2-unidades_3377040392-150x150.jpg",150,150,true],"medium":["https:\/\/back.mascotarea.com\/wp-content\/uploads\/2021\/07\/vitakraft-barritas-conejos-enanos-miel-2-unidades_3377040392-240x300.jpg",240,300,true],"medium_large":["https:\/\/back.mascotarea.com\/wp-content\/uploads\/2021\/07\/vitakraft-barritas-conejos-enanos-miel-2-unidades_3377040392-768x960.jpg",768,960,true],"large":["https:\/\/back.mascotarea.com\/wp-content\/uploads\/2021\/07\/vitakraft-barritas-conejos-enanos-miel-2-unidades_3377040392.jpg",800,1000,false],"1536x1536":["https:\/\/back.mascotarea.com\/wp-content\/uploads\/2021\/07\/vitakraft-barritas-conejos-enanos-miel-2-unidades_3377040392.jpg",800,1000,false],"2048x2048":["https:\/\/back.mascotarea.com\/wp-content\/uploads\/2021\/07\/vitakraft-barritas-conejos-enanos-miel-2-unidades_3377040392.jpg",800,1000,false],"woocommerce_thumbnail":["https:\/\/back.mascotarea.com\/wp-content\/uploads\/2021\/07\/vitakraft-barritas-conejos-enanos-miel-2-unidades_3377040392-200x200.jpg",200,200,true],"woocommerce_single":["https:\/\/back.mascotarea.com\/wp-content\/uploads\/2021\/07\/vitakraft-barritas-conejos-enanos-miel-2-unidades_3377040392-200x250.jpg",200,250,true],"woocommerce_gallery_thumbnail":["https:\/\/back.mascotarea.com\/wp-content\/uploads\/2021\/07\/vitakraft-barritas-conejos-enanos-miel-2-unidades_3377040392-100x100.jpg",100,100,true],"dgwt-wcas-product-suggestion":["https:\/\/back.mascotarea.com\/wp-content\/uploads\/2021\/07\/vitakraft-barritas-conejos-enanos-miel-2-unidades_3377040392-64x80.jpg",64,80,true]},"uagb_author_info":{"display_name":"Roberto","author_link":"https:\/\/back.mascotarea.com\/?author=0"},"uagb_comment_info":0,"uagb_excerpt":"Una alimentaci\u00f3n completa gracias a la alta calidad de sus ingredientes, sin az\u00facar y espec\u00edficamente elaborado para conejos enanos. Contribuyen a reforzar la salud de tu mascota gracias e incluso es horneado tres veces para garantizar su durabilidad y calidad. Contribuye al desgaste de sus incisivos con un sabor irresistible gracias a la miel y&hellip;","_links":{"self":[{"href":"https:\/\/back.mascotarea.com\/index.php?rest_route=\/wp\/v2\/product\/9238","targetHints":{"allow":["GET"]}}],"collection":[{"href":"https:\/\/back.mascotarea.com\/index.php?rest_route=\/wp\/v2\/product"}],"about":[{"href":"https:\/\/back.mascotarea.com\/index.php?rest_route=\/wp\/v2\/types\/product"}],"replies":[{"embeddable":true,"href":"https:\/\/back.mascotarea.com\/index.php?rest_route=%2Fwp%2Fv2%2Fcomments&post=9238"}],"wp:featuredmedia":[{"embeddable":true,"href":"https:\/\/back.mascotarea.com\/index.php?rest_route=\/wp\/v2\/media\/9237"}],"wp:attachment":[{"href":"https:\/\/back.mascotarea.com\/index.php?rest_route=%2Fwp%2Fv2%2Fmedia&parent=9238"}],"wp:term":[{"taxonomy":"product_cat","embeddable":true,"href":"https:\/\/back.mascotarea.com\/index.php?rest_route=%2Fwp%2Fv2%2Fproduct_cat&post=9238"},{"taxonomy":"product_tag","embeddable":true,"href":"https:\/\/back.mascotarea.com\/index.php?rest_route=%2Fwp%2Fv2%2Fproduct_tag&post=9238"}],"curies":[{"name":"wp","href":"https:\/\/api.w.org\/{rel}","templated":true}]}}