{"id":9266,"date":"2021-07-26T14:11:23","date_gmt":"2021-07-26T14:11:23","guid":{"rendered":"https:\/\/back.mascotarea.com\/producto\/bunny-puente-natural-conejo-600-gr\/"},"modified":"2023-08-24T15:12:48","modified_gmt":"2023-08-24T15:12:48","slug":"bunny-puente-natural-conejo-600-gr","status":"publish","type":"product","link":"https:\/\/back.mascotarea.com\/?product=bunny-puente-natural-conejo-600-gr","title":{"rendered":"Bunny Puente Natural Conejo 600 Gr"},"content":{"rendered":"<p>Composici\u00f3n: Brotes de pastos permanentes (fleo de los prados, festuca de los prados, cola de zorro, ballico alem\u00e1n, festuca roja, pasto azul de kentucky, d\u00e1ctilo, heno blanco, poa, agr\u00f3stide blanca, cerrillo, grama, aira de c\u00e9sped, hierba cinta, tr\u00e9bol blanco, tr\u00e9bol rojo, hojas de diente de le\u00f3n, hierbas de milenrama, blanten menor, comino de prado, perifollo silvestre, reina de los prados, cerastio, galio, ver\u00f3nica serpyllifolia, arveja, consuelda, cardo borriquero, hiedra terrestre, margarita, gallineta blanca, diente de le\u00f3n, pimpinela mayor, alverjilla, sax\u00edfraga blanca, potentilla de primavera, ver\u00f3nica de los prados, draba de primavera, diente de le\u00f3n de oto\u00f1o, agrostis roja, pr\u00edmula de los prados, tr\u00e9bol amarillo), cebada, salvado de trigo, salvado de avena, harina de extracci\u00f3n de semilla de girasol, pulpa de zanahoria, harina de extracci\u00f3n de lino, zanahorias, pastinaca, lignocelulosa, ra\u00edzes de achicoria, hoja de menta, hojas de grosella, cal\u00e9ndula, carbonato c\u00e1lcico, afrecho, algarroba, levadura de cerveza, flores de manzanilla, inulina<\/p>\n","protected":false},"excerpt":{"rendered":"<p>Alimento equilibrado para conejos enanos a partir de 6 mes de edad. Ayuda a los animales a recuperar una alimentaci\u00f3n natural y saludable acorde con su especie. NUEVA forma Trimello. <\/p>\n","protected":false},"featured_media":9265,"comment_status":"open","ping_status":"closed","template":"","meta":{"_uag_custom_page_level_css":"","_themeisle_gutenberg_block_has_review":false},"product_cat":[220,217],"product_tag":[],"class_list":{"0":"post-9266","1":"product","2":"type-product","3":"status-publish","4":"has-post-thumbnail","6":"product_cat-alimentacion-conejo","7":"product_cat-roedores","9":"first","10":"outofstock","11":"taxable","12":"shipping-taxable","13":"purchasable","14":"product-type-simple","15":"customify-col"},"uagb_featured_image_src":{"full":["https:\/\/back.mascotarea.com\/wp-content\/uploads\/2021\/07\/bunny-puente-natural-conejo-600-gr_3172815668.jpg",800,1000,false],"thumbnail":["https:\/\/back.mascotarea.com\/wp-content\/uploads\/2021\/07\/bunny-puente-natural-conejo-600-gr_3172815668-150x150.jpg",150,150,true],"medium":["https:\/\/back.mascotarea.com\/wp-content\/uploads\/2021\/07\/bunny-puente-natural-conejo-600-gr_3172815668-240x300.jpg",240,300,true],"medium_large":["https:\/\/back.mascotarea.com\/wp-content\/uploads\/2021\/07\/bunny-puente-natural-conejo-600-gr_3172815668-768x960.jpg",768,960,true],"large":["https:\/\/back.mascotarea.com\/wp-content\/uploads\/2021\/07\/bunny-puente-natural-conejo-600-gr_3172815668.jpg",800,1000,false],"1536x1536":["https:\/\/back.mascotarea.com\/wp-content\/uploads\/2021\/07\/bunny-puente-natural-conejo-600-gr_3172815668.jpg",800,1000,false],"2048x2048":["https:\/\/back.mascotarea.com\/wp-content\/uploads\/2021\/07\/bunny-puente-natural-conejo-600-gr_3172815668.jpg",800,1000,false],"woocommerce_thumbnail":["https:\/\/back.mascotarea.com\/wp-content\/uploads\/2021\/07\/bunny-puente-natural-conejo-600-gr_3172815668-200x200.jpg",200,200,true],"woocommerce_single":["https:\/\/back.mascotarea.com\/wp-content\/uploads\/2021\/07\/bunny-puente-natural-conejo-600-gr_3172815668-200x250.jpg",200,250,true],"woocommerce_gallery_thumbnail":["https:\/\/back.mascotarea.com\/wp-content\/uploads\/2021\/07\/bunny-puente-natural-conejo-600-gr_3172815668-100x100.jpg",100,100,true],"dgwt-wcas-product-suggestion":["https:\/\/back.mascotarea.com\/wp-content\/uploads\/2021\/07\/bunny-puente-natural-conejo-600-gr_3172815668-64x80.jpg",64,80,true]},"uagb_author_info":{"display_name":"Roberto","author_link":"https:\/\/back.mascotarea.com\/?author=0"},"uagb_comment_info":0,"uagb_excerpt":"Alimento equilibrado para conejos enanos a partir de 6 mes de edad. Ayuda a los animales a recuperar una alimentaci\u00f3n natural y saludable acorde con su especie. NUEVA forma Trimello.","_links":{"self":[{"href":"https:\/\/back.mascotarea.com\/index.php?rest_route=\/wp\/v2\/product\/9266","targetHints":{"allow":["GET"]}}],"collection":[{"href":"https:\/\/back.mascotarea.com\/index.php?rest_route=\/wp\/v2\/product"}],"about":[{"href":"https:\/\/back.mascotarea.com\/index.php?rest_route=\/wp\/v2\/types\/product"}],"replies":[{"embeddable":true,"href":"https:\/\/back.mascotarea.com\/index.php?rest_route=%2Fwp%2Fv2%2Fcomments&post=9266"}],"wp:featuredmedia":[{"embeddable":true,"href":"https:\/\/back.mascotarea.com\/index.php?rest_route=\/wp\/v2\/media\/9265"}],"wp:attachment":[{"href":"https:\/\/back.mascotarea.com\/index.php?rest_route=%2Fwp%2Fv2%2Fmedia&parent=9266"}],"wp:term":[{"taxonomy":"product_cat","embeddable":true,"href":"https:\/\/back.mascotarea.com\/index.php?rest_route=%2Fwp%2Fv2%2Fproduct_cat&post=9266"},{"taxonomy":"product_tag","embeddable":true,"href":"https:\/\/back.mascotarea.com\/index.php?rest_route=%2Fwp%2Fv2%2Fproduct_tag&post=9266"}],"curies":[{"name":"wp","href":"https:\/\/api.w.org\/{rel}","templated":true}]}}