{"id":9298,"date":"2021-07-26T15:24:07","date_gmt":"2021-07-26T15:24:07","guid":{"rendered":"https:\/\/back.mascotarea.com\/producto\/xtravital-conejo-alimento-1-kg-beaphar\/"},"modified":"2023-06-04T06:11:28","modified_gmt":"2023-06-04T06:11:28","slug":"xtravital-conejo-alimento-1-kg-beaphar","status":"publish","type":"product","link":"https:\/\/back.mascotarea.com\/?product=xtravital-conejo-alimento-1-kg-beaphar","title":{"rendered":"Xtravital Conejo Alimento 1 Kg Beaphar"},"content":{"rendered":"","protected":false},"excerpt":{"rendered":"<p>El alimento XtraVital para Conejo es excepcionalmente sabroso, equilibrado y de alta calidad. Este pienso contiene todas las vitaminas y minerales quelados necesarios (minerales con una envoltura proteica para una mayor asimilaci\u00f3n). Est\u00e1 perfectamente adaptado a las necesidades alimenticias espec\u00edficas de los conejos. XtraVital es rico en prote\u00ednas y en fibras crudas. Aparte XtraVital tiene un contenido bajo en grasas. Los crujientes pedacitos a\u00f1adidos favorecen el desgaste adecuado de la dentadura de su animal. La alfalfa extrusionada es rica en vitaminas, minerales, fibra y prote\u00ednas. <\/p>\n","protected":false},"featured_media":9297,"comment_status":"open","ping_status":"closed","template":"","meta":{"_uag_custom_page_level_css":"","_themeisle_gutenberg_block_has_review":false},"product_cat":[220,217],"product_tag":[],"class_list":{"0":"post-9298","1":"product","2":"type-product","3":"status-publish","4":"has-post-thumbnail","6":"product_cat-alimentacion-conejo","7":"product_cat-roedores","9":"first","10":"outofstock","11":"taxable","12":"shipping-taxable","13":"purchasable","14":"product-type-simple","15":"customify-col"},"uagb_featured_image_src":{"full":["https:\/\/back.mascotarea.com\/wp-content\/uploads\/2021\/07\/xtravital-conejo-alimento-1-kg-beaphar_2002573296.jpg",800,1000,false],"thumbnail":["https:\/\/back.mascotarea.com\/wp-content\/uploads\/2021\/07\/xtravital-conejo-alimento-1-kg-beaphar_2002573296-150x150.jpg",150,150,true],"medium":["https:\/\/back.mascotarea.com\/wp-content\/uploads\/2021\/07\/xtravital-conejo-alimento-1-kg-beaphar_2002573296-240x300.jpg",240,300,true],"medium_large":["https:\/\/back.mascotarea.com\/wp-content\/uploads\/2021\/07\/xtravital-conejo-alimento-1-kg-beaphar_2002573296-768x960.jpg",768,960,true],"large":["https:\/\/back.mascotarea.com\/wp-content\/uploads\/2021\/07\/xtravital-conejo-alimento-1-kg-beaphar_2002573296.jpg",800,1000,false],"1536x1536":["https:\/\/back.mascotarea.com\/wp-content\/uploads\/2021\/07\/xtravital-conejo-alimento-1-kg-beaphar_2002573296.jpg",800,1000,false],"2048x2048":["https:\/\/back.mascotarea.com\/wp-content\/uploads\/2021\/07\/xtravital-conejo-alimento-1-kg-beaphar_2002573296.jpg",800,1000,false],"woocommerce_thumbnail":["https:\/\/back.mascotarea.com\/wp-content\/uploads\/2021\/07\/xtravital-conejo-alimento-1-kg-beaphar_2002573296-200x200.jpg",200,200,true],"woocommerce_single":["https:\/\/back.mascotarea.com\/wp-content\/uploads\/2021\/07\/xtravital-conejo-alimento-1-kg-beaphar_2002573296-200x250.jpg",200,250,true],"woocommerce_gallery_thumbnail":["https:\/\/back.mascotarea.com\/wp-content\/uploads\/2021\/07\/xtravital-conejo-alimento-1-kg-beaphar_2002573296-100x100.jpg",100,100,true],"dgwt-wcas-product-suggestion":["https:\/\/back.mascotarea.com\/wp-content\/uploads\/2021\/07\/xtravital-conejo-alimento-1-kg-beaphar_2002573296-64x80.jpg",64,80,true]},"uagb_author_info":{"display_name":"Roberto","author_link":"https:\/\/back.mascotarea.com\/?author=0"},"uagb_comment_info":0,"uagb_excerpt":"El alimento XtraVital para Conejo es excepcionalmente sabroso, equilibrado y de alta calidad. Este pienso contiene todas las vitaminas y minerales quelados necesarios (minerales con una envoltura proteica para una mayor asimilaci\u00f3n). Est\u00e1 perfectamente adaptado a las necesidades alimenticias espec\u00edficas de los conejos. XtraVital es rico en prote\u00ednas y en fibras crudas. Aparte XtraVital tiene&hellip;","_links":{"self":[{"href":"https:\/\/back.mascotarea.com\/index.php?rest_route=\/wp\/v2\/product\/9298","targetHints":{"allow":["GET"]}}],"collection":[{"href":"https:\/\/back.mascotarea.com\/index.php?rest_route=\/wp\/v2\/product"}],"about":[{"href":"https:\/\/back.mascotarea.com\/index.php?rest_route=\/wp\/v2\/types\/product"}],"replies":[{"embeddable":true,"href":"https:\/\/back.mascotarea.com\/index.php?rest_route=%2Fwp%2Fv2%2Fcomments&post=9298"}],"wp:featuredmedia":[{"embeddable":true,"href":"https:\/\/back.mascotarea.com\/index.php?rest_route=\/wp\/v2\/media\/9297"}],"wp:attachment":[{"href":"https:\/\/back.mascotarea.com\/index.php?rest_route=%2Fwp%2Fv2%2Fmedia&parent=9298"}],"wp:term":[{"taxonomy":"product_cat","embeddable":true,"href":"https:\/\/back.mascotarea.com\/index.php?rest_route=%2Fwp%2Fv2%2Fproduct_cat&post=9298"},{"taxonomy":"product_tag","embeddable":true,"href":"https:\/\/back.mascotarea.com\/index.php?rest_route=%2Fwp%2Fv2%2Fproduct_tag&post=9298"}],"curies":[{"name":"wp","href":"https:\/\/api.w.org\/{rel}","templated":true}]}}