{"id":9304,"date":"2021-07-28T13:21:14","date_gmt":"2021-07-28T13:21:14","guid":{"rendered":"https:\/\/back.mascotarea.com\/producto\/kiki-max-menu-conejos-enanos-1-kg\/"},"modified":"2024-07-02T20:26:51","modified_gmt":"2024-07-02T20:26:51","slug":"kiki-max-menu-conejos-enanos-1-kg","status":"publish","type":"product","link":"https:\/\/back.mascotarea.com\/?product=kiki-max-menu-conejos-enanos-1-kg","title":{"rendered":"Kiki Max Menu Conejos Enanos 1 Kg"},"content":{"rendered":"<p>VENTAJAS:<\/p>\n<p><\/p>\n<p>    Dieta natural y equilibrada compuesta por ma\u00edz, alfalfa, zanahoria, cereales, verduras y otros ingredientes.<\/p>\n<p><\/p>\n<p>    Aportan los nutrientes que todo conejo necesita para alimentarse y permanecer sano.<\/p>\n<p><\/p>\n<p>    Mantiene una continua estimulaci\u00f3n del apetito que facilita la &#8216;digesti\u00f3n pasiva&#8217; de los conejos.<\/p>\n<p><\/p>\n","protected":false},"excerpt":{"rendered":"<p>Kiki Max Men\u00fa Conejos Enanos es una mixtura especialmente dise\u00f1ada para la nutrici\u00f3n de conejos enanos. Una dieta natural y equilibrada compuesta por ma\u00edz, alfalfa, zanahoria, cereales, verduras y otros ingredientes, que aportan los nutrientes que todo conejo necesita para alimentarse y permanecer sano. Mantiene una continua estimulaci\u00f3n del apetito que facilita la &#8216;digesti\u00f3n pasiva&#8217; de los conejos.<\/p>\n","protected":false},"featured_media":9303,"comment_status":"open","ping_status":"closed","template":"","meta":{"_uag_custom_page_level_css":"","_themeisle_gutenberg_block_has_review":false},"product_cat":[220,217],"product_tag":[],"class_list":{"0":"post-9304","1":"product","2":"type-product","3":"status-publish","4":"has-post-thumbnail","6":"product_cat-alimentacion-conejo","7":"product_cat-roedores","9":"first","10":"instock","11":"taxable","12":"shipping-taxable","13":"purchasable","14":"product-type-simple","15":"customify-col"},"uagb_featured_image_src":{"full":["https:\/\/back.mascotarea.com\/wp-content\/uploads\/2021\/07\/kiki-max-menu-conejos-enanos-1-kg_3963780141.jpg",800,1000,false],"thumbnail":["https:\/\/back.mascotarea.com\/wp-content\/uploads\/2021\/07\/kiki-max-menu-conejos-enanos-1-kg_3963780141-150x150.jpg",150,150,true],"medium":["https:\/\/back.mascotarea.com\/wp-content\/uploads\/2021\/07\/kiki-max-menu-conejos-enanos-1-kg_3963780141-240x300.jpg",240,300,true],"medium_large":["https:\/\/back.mascotarea.com\/wp-content\/uploads\/2021\/07\/kiki-max-menu-conejos-enanos-1-kg_3963780141-768x960.jpg",768,960,true],"large":["https:\/\/back.mascotarea.com\/wp-content\/uploads\/2021\/07\/kiki-max-menu-conejos-enanos-1-kg_3963780141.jpg",800,1000,false],"1536x1536":["https:\/\/back.mascotarea.com\/wp-content\/uploads\/2021\/07\/kiki-max-menu-conejos-enanos-1-kg_3963780141.jpg",800,1000,false],"2048x2048":["https:\/\/back.mascotarea.com\/wp-content\/uploads\/2021\/07\/kiki-max-menu-conejos-enanos-1-kg_3963780141.jpg",800,1000,false],"woocommerce_thumbnail":["https:\/\/back.mascotarea.com\/wp-content\/uploads\/2021\/07\/kiki-max-menu-conejos-enanos-1-kg_3963780141-200x200.jpg",200,200,true],"woocommerce_single":["https:\/\/back.mascotarea.com\/wp-content\/uploads\/2021\/07\/kiki-max-menu-conejos-enanos-1-kg_3963780141-200x250.jpg",200,250,true],"woocommerce_gallery_thumbnail":["https:\/\/back.mascotarea.com\/wp-content\/uploads\/2021\/07\/kiki-max-menu-conejos-enanos-1-kg_3963780141-100x100.jpg",100,100,true],"dgwt-wcas-product-suggestion":["https:\/\/back.mascotarea.com\/wp-content\/uploads\/2021\/07\/kiki-max-menu-conejos-enanos-1-kg_3963780141-64x80.jpg",64,80,true]},"uagb_author_info":{"display_name":"Roberto","author_link":"https:\/\/back.mascotarea.com\/?author=0"},"uagb_comment_info":0,"uagb_excerpt":"Kiki Max Men\u00fa Conejos Enanos es una mixtura especialmente dise\u00f1ada para la nutrici\u00f3n de conejos enanos. Una dieta natural y equilibrada compuesta por ma\u00edz, alfalfa, zanahoria, cereales, verduras y otros ingredientes, que aportan los nutrientes que todo conejo necesita para alimentarse y permanecer sano. Mantiene una continua estimulaci\u00f3n del apetito que facilita la 'digesti\u00f3n pasiva'&hellip;","_links":{"self":[{"href":"https:\/\/back.mascotarea.com\/index.php?rest_route=\/wp\/v2\/product\/9304","targetHints":{"allow":["GET"]}}],"collection":[{"href":"https:\/\/back.mascotarea.com\/index.php?rest_route=\/wp\/v2\/product"}],"about":[{"href":"https:\/\/back.mascotarea.com\/index.php?rest_route=\/wp\/v2\/types\/product"}],"replies":[{"embeddable":true,"href":"https:\/\/back.mascotarea.com\/index.php?rest_route=%2Fwp%2Fv2%2Fcomments&post=9304"}],"wp:featuredmedia":[{"embeddable":true,"href":"https:\/\/back.mascotarea.com\/index.php?rest_route=\/wp\/v2\/media\/9303"}],"wp:attachment":[{"href":"https:\/\/back.mascotarea.com\/index.php?rest_route=%2Fwp%2Fv2%2Fmedia&parent=9304"}],"wp:term":[{"taxonomy":"product_cat","embeddable":true,"href":"https:\/\/back.mascotarea.com\/index.php?rest_route=%2Fwp%2Fv2%2Fproduct_cat&post=9304"},{"taxonomy":"product_tag","embeddable":true,"href":"https:\/\/back.mascotarea.com\/index.php?rest_route=%2Fwp%2Fv2%2Fproduct_tag&post=9304"}],"curies":[{"name":"wp","href":"https:\/\/api.w.org\/{rel}","templated":true}]}}