{"id":9603,"date":"2021-08-03T16:02:28","date_gmt":"2021-08-03T16:02:28","guid":{"rendered":"https:\/\/back.mascotarea.com\/producto\/sanicat-classic-lavanda-10-l\/"},"modified":"2024-07-22T14:27:45","modified_gmt":"2024-07-22T14:27:45","slug":"sanicat-classic-lavanda-10-l","status":"publish","type":"product","link":"https:\/\/back.mascotarea.com\/?product=sanicat-classic-lavanda-10-l","title":{"rendered":"Sanicat Classic Lavanda 10 L"},"content":{"rendered":"","protected":false},"excerpt":{"rendered":"<p>La arena absorbente mineral de granulado grueso casi no se adhiere a las patas de tu minino, por lo que no se reparte por toda la casa. Dado que la arena tampoco levanta polvo, no deja residuos alrededor del arenero de tu gato. Por cierto, la arena Sanicat Classic con olor a lavanda viene empaquetada en un envoltorio de papel biodegradable. <\/p>\n<p><\/p>\n<p>    Arena absorbente de sepiolita con olor a lavanda <\/p>\n<p>    Controla los malos olores: con la ayuda de ox\u00edgeno elimina los olores desagradables del arenero de tu minino de forma fiable <\/p>\n<p>    Olor fresco: sutil perfume a lavanda<\/p>\n<p>    Para una limpieza f\u00e1cil: forma grumos s\u00f3lido que se pueden recoger con la pala f\u00e1cilmente<\/p>\n<p>    Granulado grueso: casi no se adhiere a las patas, por lo que no se reparte por toda la casa<\/p>\n<p>    No levanta polvo: mayor limpieza alrededor del arenero<\/p>\n<p>    Tacto suave al contacto con las patas del bigotudo<\/p>\n<p>    Envase biodegradable<\/p>\n<p><\/p>\n","protected":false},"featured_media":9602,"comment_status":"open","ping_status":"closed","template":"","meta":{"_uag_custom_page_level_css":"","_themeisle_gutenberg_block_has_review":false},"product_cat":[137,138],"product_tag":[],"class_list":{"0":"post-9603","1":"product","2":"type-product","3":"status-publish","4":"has-post-thumbnail","6":"product_cat-accesorios-gato","7":"product_cat-arenas-y-lechos-para-gatos","9":"first","10":"instock","11":"taxable","12":"shipping-taxable","13":"purchasable","14":"product-type-simple","15":"customify-col"},"uagb_featured_image_src":{"full":["https:\/\/back.mascotarea.com\/wp-content\/uploads\/2021\/08\/sanicat-classic-lavanda-10-l_3833373554.jpg",800,1000,false],"thumbnail":["https:\/\/back.mascotarea.com\/wp-content\/uploads\/2021\/08\/sanicat-classic-lavanda-10-l_3833373554-150x150.jpg",150,150,true],"medium":["https:\/\/back.mascotarea.com\/wp-content\/uploads\/2021\/08\/sanicat-classic-lavanda-10-l_3833373554-240x300.jpg",240,300,true],"medium_large":["https:\/\/back.mascotarea.com\/wp-content\/uploads\/2021\/08\/sanicat-classic-lavanda-10-l_3833373554-768x960.jpg",768,960,true],"large":["https:\/\/back.mascotarea.com\/wp-content\/uploads\/2021\/08\/sanicat-classic-lavanda-10-l_3833373554.jpg",800,1000,false],"1536x1536":["https:\/\/back.mascotarea.com\/wp-content\/uploads\/2021\/08\/sanicat-classic-lavanda-10-l_3833373554.jpg",800,1000,false],"2048x2048":["https:\/\/back.mascotarea.com\/wp-content\/uploads\/2021\/08\/sanicat-classic-lavanda-10-l_3833373554.jpg",800,1000,false],"woocommerce_thumbnail":["https:\/\/back.mascotarea.com\/wp-content\/uploads\/2021\/08\/sanicat-classic-lavanda-10-l_3833373554-200x200.jpg",200,200,true],"woocommerce_single":["https:\/\/back.mascotarea.com\/wp-content\/uploads\/2021\/08\/sanicat-classic-lavanda-10-l_3833373554-200x250.jpg",200,250,true],"woocommerce_gallery_thumbnail":["https:\/\/back.mascotarea.com\/wp-content\/uploads\/2021\/08\/sanicat-classic-lavanda-10-l_3833373554-100x100.jpg",100,100,true],"dgwt-wcas-product-suggestion":["https:\/\/back.mascotarea.com\/wp-content\/uploads\/2021\/08\/sanicat-classic-lavanda-10-l_3833373554-64x80.jpg",64,80,true]},"uagb_author_info":{"display_name":"Roberto","author_link":"https:\/\/back.mascotarea.com\/?author=0"},"uagb_comment_info":0,"uagb_excerpt":"La arena absorbente mineral de granulado grueso casi no se adhiere a las patas de tu minino, por lo que no se reparte por toda la casa. Dado que la arena tampoco levanta polvo, no deja residuos alrededor del arenero de tu gato. Por cierto, la arena Sanicat Classic con olor a lavanda viene empaquetada&hellip;","_links":{"self":[{"href":"https:\/\/back.mascotarea.com\/index.php?rest_route=\/wp\/v2\/product\/9603","targetHints":{"allow":["GET"]}}],"collection":[{"href":"https:\/\/back.mascotarea.com\/index.php?rest_route=\/wp\/v2\/product"}],"about":[{"href":"https:\/\/back.mascotarea.com\/index.php?rest_route=\/wp\/v2\/types\/product"}],"replies":[{"embeddable":true,"href":"https:\/\/back.mascotarea.com\/index.php?rest_route=%2Fwp%2Fv2%2Fcomments&post=9603"}],"wp:featuredmedia":[{"embeddable":true,"href":"https:\/\/back.mascotarea.com\/index.php?rest_route=\/wp\/v2\/media\/9602"}],"wp:attachment":[{"href":"https:\/\/back.mascotarea.com\/index.php?rest_route=%2Fwp%2Fv2%2Fmedia&parent=9603"}],"wp:term":[{"taxonomy":"product_cat","embeddable":true,"href":"https:\/\/back.mascotarea.com\/index.php?rest_route=%2Fwp%2Fv2%2Fproduct_cat&post=9603"},{"taxonomy":"product_tag","embeddable":true,"href":"https:\/\/back.mascotarea.com\/index.php?rest_route=%2Fwp%2Fv2%2Fproduct_tag&post=9603"}],"curies":[{"name":"wp","href":"https:\/\/api.w.org\/{rel}","templated":true}]}}