{"id":9645,"date":"2021-08-04T15:02:48","date_gmt":"2021-08-04T15:02:48","guid":{"rendered":"https:\/\/back.mascotarea.com\/producto\/collar-gatos-elastico-nylon\/"},"modified":"2023-06-04T06:11:51","modified_gmt":"2023-06-04T06:11:51","slug":"collar-gatos-elastico-nylon","status":"publish","type":"product","link":"https:\/\/back.mascotarea.com\/?product=collar-gatos-elastico-nylon","title":{"rendered":"Collar Gatos, El\u00e1stico, Nylon"},"content":{"rendered":"","protected":false},"excerpt":{"rendered":"<p>Collar gato, cascabel, nylon, el\u00e1stico colores surtidos, regulable Este collar de nylon se suministra con el\u00e1stico y se ajusta a cualquier gato.<\/p>\n<p><\/p>\n<p>Est\u00e1 disponible en varios colores.<\/p>\n<p><\/p>\n<p>El cierre de seguridad Easy est\u00e1 dise\u00f1ado para abrir en caso de emergencia.<\/p>\n<p><\/p>\n<p>Muchos propietarios son reacios a poner collares a sus gatos debido a los informes sobre los terribles accidentes al ser atrapados por sus collares y ser estrangulados.<\/p>\n<p><\/p>\n<p>Algunos gatos tambi\u00e9n pueden tratar de quitarse un collar que sea muy flojo, que tambi\u00e9n pueden provocar lesiones.<\/p>\n<p><\/p>\n<p>El cierre de seguridad Easy se abre autom\u00e1ticamente si hay tensi\u00f3n en el cuello.<\/p>\n<p><\/p>\n<p>Los collares con campanas ayudan a proteger a las aves silvestres.<\/p>\n<p><\/p>\n<p>Si un gato se acerca demasiado, el movimiento hace que el sonido de la campana advierta al p\u00e1jaro sobre un peligro inminente.<\/p>\n","protected":false},"featured_media":9644,"comment_status":"open","ping_status":"closed","template":"","meta":{"_uag_custom_page_level_css":"","_themeisle_gutenberg_block_has_review":false},"product_cat":[137,141],"product_tag":[],"class_list":{"0":"post-9645","1":"product","2":"type-product","3":"status-publish","4":"has-post-thumbnail","6":"product_cat-accesorios-gato","7":"product_cat-collares-y-arneses-para-gatos","9":"first","10":"outofstock","11":"taxable","12":"shipping-taxable","13":"purchasable","14":"product-type-simple","15":"customify-col"},"uagb_featured_image_src":{"full":["https:\/\/back.mascotarea.com\/wp-content\/uploads\/2021\/08\/collar-gatos-elastico-nylon_2446632626.jpg",800,1000,false],"thumbnail":["https:\/\/back.mascotarea.com\/wp-content\/uploads\/2021\/08\/collar-gatos-elastico-nylon_2446632626-150x150.jpg",150,150,true],"medium":["https:\/\/back.mascotarea.com\/wp-content\/uploads\/2021\/08\/collar-gatos-elastico-nylon_2446632626-240x300.jpg",240,300,true],"medium_large":["https:\/\/back.mascotarea.com\/wp-content\/uploads\/2021\/08\/collar-gatos-elastico-nylon_2446632626-768x960.jpg",768,960,true],"large":["https:\/\/back.mascotarea.com\/wp-content\/uploads\/2021\/08\/collar-gatos-elastico-nylon_2446632626.jpg",800,1000,false],"1536x1536":["https:\/\/back.mascotarea.com\/wp-content\/uploads\/2021\/08\/collar-gatos-elastico-nylon_2446632626.jpg",800,1000,false],"2048x2048":["https:\/\/back.mascotarea.com\/wp-content\/uploads\/2021\/08\/collar-gatos-elastico-nylon_2446632626.jpg",800,1000,false],"woocommerce_thumbnail":["https:\/\/back.mascotarea.com\/wp-content\/uploads\/2021\/08\/collar-gatos-elastico-nylon_2446632626-200x200.jpg",200,200,true],"woocommerce_single":["https:\/\/back.mascotarea.com\/wp-content\/uploads\/2021\/08\/collar-gatos-elastico-nylon_2446632626-200x250.jpg",200,250,true],"woocommerce_gallery_thumbnail":["https:\/\/back.mascotarea.com\/wp-content\/uploads\/2021\/08\/collar-gatos-elastico-nylon_2446632626-100x100.jpg",100,100,true],"dgwt-wcas-product-suggestion":["https:\/\/back.mascotarea.com\/wp-content\/uploads\/2021\/08\/collar-gatos-elastico-nylon_2446632626-64x80.jpg",64,80,true]},"uagb_author_info":{"display_name":"Roberto","author_link":"https:\/\/back.mascotarea.com\/?author=0"},"uagb_comment_info":0,"uagb_excerpt":"Collar gato, cascabel, nylon, el\u00e1stico colores surtidos, regulable Este collar de nylon se suministra con el\u00e1stico y se ajusta a cualquier gato.Est\u00e1 disponible en varios colores.El cierre de seguridad Easy est\u00e1 dise\u00f1ado para abrir en caso de emergencia.Muchos propietarios son reacios a poner collares a sus gatos debido a los informes sobre los terribles accidentes&hellip;","_links":{"self":[{"href":"https:\/\/back.mascotarea.com\/index.php?rest_route=\/wp\/v2\/product\/9645","targetHints":{"allow":["GET"]}}],"collection":[{"href":"https:\/\/back.mascotarea.com\/index.php?rest_route=\/wp\/v2\/product"}],"about":[{"href":"https:\/\/back.mascotarea.com\/index.php?rest_route=\/wp\/v2\/types\/product"}],"replies":[{"embeddable":true,"href":"https:\/\/back.mascotarea.com\/index.php?rest_route=%2Fwp%2Fv2%2Fcomments&post=9645"}],"wp:featuredmedia":[{"embeddable":true,"href":"https:\/\/back.mascotarea.com\/index.php?rest_route=\/wp\/v2\/media\/9644"}],"wp:attachment":[{"href":"https:\/\/back.mascotarea.com\/index.php?rest_route=%2Fwp%2Fv2%2Fmedia&parent=9645"}],"wp:term":[{"taxonomy":"product_cat","embeddable":true,"href":"https:\/\/back.mascotarea.com\/index.php?rest_route=%2Fwp%2Fv2%2Fproduct_cat&post=9645"},{"taxonomy":"product_tag","embeddable":true,"href":"https:\/\/back.mascotarea.com\/index.php?rest_route=%2Fwp%2Fv2%2Fproduct_tag&post=9645"}],"curies":[{"name":"wp","href":"https:\/\/api.w.org\/{rel}","templated":true}]}}