{"id":9667,"date":"2021-08-04T15:40:24","date_gmt":"2021-08-04T15:40:24","guid":{"rendered":"https:\/\/back.mascotarea.com\/producto\/kong-enchanted-buzzy-unicorn\/"},"modified":"2023-06-04T06:11:52","modified_gmt":"2023-06-04T06:11:52","slug":"kong-enchanted-buzzy-unicorn","status":"publish","type":"product","link":"https:\/\/back.mascotarea.com\/?product=kong-enchanted-buzzy-unicorn","title":{"rendered":"Kong Enchanted Buzzy Unicorn"},"content":{"rendered":"","protected":false},"excerpt":{"rendered":"<p>Unicornio de juguete hecho de suave felpa para gatos.<\/p>\n<p><\/p>\n<p>La cola del unicornio permite tirar de ella, haciendo vibrar al unicornio y desatando el deseo del gato por cogerlo.<\/p>\n<p><\/p>\n<p>Est\u00e1 hecho de colores brillantes y material crujiente, adem\u00e1s tambi\u00e9n incluye hierba gatera norteamericana de alta calidad de KONG.<\/p>\n","protected":false},"featured_media":9666,"comment_status":"open","ping_status":"closed","template":"","meta":{"_uag_custom_page_level_css":"","_themeisle_gutenberg_block_has_review":false},"product_cat":[137,142],"product_tag":[],"class_list":{"0":"post-9667","1":"product","2":"type-product","3":"status-publish","4":"has-post-thumbnail","6":"product_cat-accesorios-gato","7":"product_cat-juguetes-para-gatos","9":"first","10":"outofstock","11":"taxable","12":"shipping-taxable","13":"purchasable","14":"product-type-simple","15":"customify-col"},"uagb_featured_image_src":{"full":["https:\/\/back.mascotarea.com\/wp-content\/uploads\/2021\/08\/kong-enchanted-buzzy-unicorn_1170782143.jpg",800,1000,false],"thumbnail":["https:\/\/back.mascotarea.com\/wp-content\/uploads\/2021\/08\/kong-enchanted-buzzy-unicorn_1170782143-150x150.jpg",150,150,true],"medium":["https:\/\/back.mascotarea.com\/wp-content\/uploads\/2021\/08\/kong-enchanted-buzzy-unicorn_1170782143-240x300.jpg",240,300,true],"medium_large":["https:\/\/back.mascotarea.com\/wp-content\/uploads\/2021\/08\/kong-enchanted-buzzy-unicorn_1170782143-768x960.jpg",768,960,true],"large":["https:\/\/back.mascotarea.com\/wp-content\/uploads\/2021\/08\/kong-enchanted-buzzy-unicorn_1170782143.jpg",800,1000,false],"1536x1536":["https:\/\/back.mascotarea.com\/wp-content\/uploads\/2021\/08\/kong-enchanted-buzzy-unicorn_1170782143.jpg",800,1000,false],"2048x2048":["https:\/\/back.mascotarea.com\/wp-content\/uploads\/2021\/08\/kong-enchanted-buzzy-unicorn_1170782143.jpg",800,1000,false],"woocommerce_thumbnail":["https:\/\/back.mascotarea.com\/wp-content\/uploads\/2021\/08\/kong-enchanted-buzzy-unicorn_1170782143-200x200.jpg",200,200,true],"woocommerce_single":["https:\/\/back.mascotarea.com\/wp-content\/uploads\/2021\/08\/kong-enchanted-buzzy-unicorn_1170782143-200x250.jpg",200,250,true],"woocommerce_gallery_thumbnail":["https:\/\/back.mascotarea.com\/wp-content\/uploads\/2021\/08\/kong-enchanted-buzzy-unicorn_1170782143-100x100.jpg",100,100,true],"dgwt-wcas-product-suggestion":["https:\/\/back.mascotarea.com\/wp-content\/uploads\/2021\/08\/kong-enchanted-buzzy-unicorn_1170782143-64x80.jpg",64,80,true]},"uagb_author_info":{"display_name":"Roberto","author_link":"https:\/\/back.mascotarea.com\/?author=0"},"uagb_comment_info":0,"uagb_excerpt":"Unicornio de juguete hecho de suave felpa para gatos.La cola del unicornio permite tirar de ella, haciendo vibrar al unicornio y desatando el deseo del gato por cogerlo.Est\u00e1 hecho de colores brillantes y material crujiente, adem\u00e1s tambi\u00e9n incluye hierba gatera norteamericana de alta calidad de KONG.","_links":{"self":[{"href":"https:\/\/back.mascotarea.com\/index.php?rest_route=\/wp\/v2\/product\/9667","targetHints":{"allow":["GET"]}}],"collection":[{"href":"https:\/\/back.mascotarea.com\/index.php?rest_route=\/wp\/v2\/product"}],"about":[{"href":"https:\/\/back.mascotarea.com\/index.php?rest_route=\/wp\/v2\/types\/product"}],"replies":[{"embeddable":true,"href":"https:\/\/back.mascotarea.com\/index.php?rest_route=%2Fwp%2Fv2%2Fcomments&post=9667"}],"wp:featuredmedia":[{"embeddable":true,"href":"https:\/\/back.mascotarea.com\/index.php?rest_route=\/wp\/v2\/media\/9666"}],"wp:attachment":[{"href":"https:\/\/back.mascotarea.com\/index.php?rest_route=%2Fwp%2Fv2%2Fmedia&parent=9667"}],"wp:term":[{"taxonomy":"product_cat","embeddable":true,"href":"https:\/\/back.mascotarea.com\/index.php?rest_route=%2Fwp%2Fv2%2Fproduct_cat&post=9667"},{"taxonomy":"product_tag","embeddable":true,"href":"https:\/\/back.mascotarea.com\/index.php?rest_route=%2Fwp%2Fv2%2Fproduct_tag&post=9667"}],"curies":[{"name":"wp","href":"https:\/\/api.w.org\/{rel}","templated":true}]}}